{"id":172,"date":"2012-05-07T12:11:12","date_gmt":"2012-05-07T11:11:12","guid":{"rendered":"http:\/\/test.espacestemps.net\/?page_id=172"},"modified":"2016-06-17T14:07:10","modified_gmt":"2016-06-17T13:07:10","slug":"events","status":"publish","type":"page","link":"https:\/\/test.espacestemps.net\/en\/events\/","title":{"rendered":"Events"},"content":{"rendered":"<p>The network of EspaceTemps<em>.net<\/em> meets up periodically, thanks to events that energise the exchanges, the projects and the encounters between disciplines.<\/p>\n<p>The annual meeting of the journal\u2019s network.<\/p>\n<p>The seminar is an opportunity for reflection and networking opportunities for EspaceTemps<em>.net<\/em>. The Editorial Board and the participants in the journal meet up during two days to discuss together the journal\u2019s editorial project, its orientation and its positioning within the field of the social sciences. This meeting is also an occasion to debate current affairs and, since 2007, to invite specialists from outside the journal, in order to stimulate the interfaces with other disciplines and sources of knowledge.<\/p>\n<h2>Automnale 2009.<\/h2>\n<p>The journal would like to thank the ENS-LSH for hosting the conference in the framework of its partnership.<\/p>\n<ul>\n<li><em>Quelles conditions \u00e9pist\u00e9mologiques, quelles m\u00e9thodes et quels objets pour l&#8217;hybridation entre sciences sociales et sciences de la nature\u00a0?<br \/> <\/em>Guests\u00a0: Francesco Panese (sociologist, director of the Coll\u00e8ge des humanit\u00e9s of the EPFL), Alain Bourdin (sociologist, urbanist)<\/li>\n<li><em>Concilier innovation et institution dans l&#8217;\u00e9valuation de la recherche\u00a0: Comment \u00e9viter la standardisation sans retomber dans le mandarinat\u00a0? Peut-on inventer une approche alteracad\u00e9mique\u00a0?<br \/> <\/em>Guest\u00a0: Barak Kalir, anthropologist<\/li>\n<li>EspacesTemps.net change de forme: quels r\u00e9seaux pour une revue interdisciplinaire de sciences sociales?<\/li>\n<\/ul>\n<h2>Automnale 2007.<\/h2>\n<ul>\n<li><em>Art contemporain et sciences sociales, quelles rencontres\u00a0? <br \/> <\/em>Guest\u00a0speaker: V\u00e9ronique Mauron, art historian<\/li>\n<li><em>Climat et politique. <br \/> <\/em>Guest\u00a0speaker: Martine Tabeaud, climatologist<\/li>\n<li><em>Traiter l\u2019actualit\u00e9 avec les sciences sociales. <\/em><\/li>\n<li><em>Publics, auteurs, partenariats\u00a0: quels r\u00e9seaux pour une revue interdisciplinaire de sciences sociales ?<br \/><\/em><\/li>\n<\/ul>\n<h2>Estivales 2006 et 2005.<\/h2>\n<ul>\n<li><em>Quel projet intellectuel\u00a0?\u00a0<\/em>: Pluridisciplinarit\u00e9 et place de la philosophie, des sciences dures et des disciplines \u00ab\u00a0a-sociales\u00a0\u00bb\u00a0; Acad\u00e9misme et alteracad\u00e9misme, Formes et principe d\u2019\u00e9valuation, Interaction avec les lecteurs.<\/li>\n<li><em>Quel projet \u00e9ditorial\u00a0?<\/em>\u00a0: Propri\u00e9t\u00e9 intellectuelle\u00a0; Usage cr\u00e9atif d\u2019Internet.<\/li>\n<li><em>Quels projets de d\u00e9veloppement\u00a0?<\/em>\u00a0: Innovations \u00e9ditoriales, mondialisation, individus.<\/li>\n<li><em>\u00c9pist\u00e9mologie des sciences sociales<\/em>\u00a0: Mondialisation et limites inh\u00e9rentes \u00e0 l\u2019\u00c9tat-nation\u00a0; l\u2019\u00e9criture des sciences sociales.<\/li>\n<\/ul>\n<h1>Other important events.<\/h1>\n<h2>December 21<sup>st<\/sup>, 2007 \u2013 on the waves of France Culture.<\/h2>\n<p>France Culture\u2019s weekly show \u201cA plus d\u2019un titre\u201d invited the Editorial Board to present the journal\u2019s editorial project and its ongoing developments. Saskia Cousin and Luca Pattaroni were the guests of journalist Jacques Munier. The show can be found on <span style=\"text-decoration: underline;\">UniversPodcast.com<\/span>.<\/p>\n<h2>December 14<sup>th<\/sup>, 2007 \u2013 Internationalisation launch, with the Swiss Commission for UNESCO.<\/h2>\n<p>On the occasion of the launch of the process of linguistic and cultural internationalisation of the content of the journal, EspaceTemps.net and the Swiss Comission for UNESCO jointly organised an evening of debates, punctuated by short films that unite researchers and innovative editorial projects on the theme of: <em>Publishing for the World. The Universality of the Sciences in the Face of Multilingualism<\/em>.<\/p>\n<p>An artistic viewpoint fed the discussions of the two round tables:<\/p>\n<ul>\n<li><em>Mission im\/possible\u00a0: L\u2019universalisation des sciences au-del\u00e0 des diff\u00e9rences culturelles.<br \/> <\/em>Prof. Olivier Christin (Modern History, Lyon II).<br \/> Zachary Patterson (Economy and Transport Engineering, EPFL).<br \/> Animation : Prof. Igor Moullier (Co-director of EspacesTemps.<em>net<\/em>, ENS-LSH Lyon).<\/li>\n<li><em>Projet \u00e9ditorial multilingue\u00a0: Plus qu\u2019une question de traduction\u00a0?<br \/> <\/em>Jacques L\u00e9vy (Co-director of EspacesTemps.<em>net<\/em>, geography, EPFL). <br \/> Prof. G\u00e9rard Wormser (Philosophy, Eurozine journal). <br \/> Animation : Prof. Caroline Gallez (Co-director of EspacesTemps.<em>net<\/em>, Urbanism, INRETS).<\/li>\n<li><em>Interfaces cin\u00e9matographiques et litt\u00e9raire. <\/em><br \/> \u00ab\u00a0Bha\u00ef Bha\u00ef\u00a0\u00bb \u2013 Olivier Klein. <br \/> \u00ab\u00a0Le train\u00a0\u00bb \u2013 Yann Tiersen.<br \/> \u00ab\u00a0Le conducteur bulgare\u00a0\u00bb \u2013 Dezs\u00f6 Kosztolanyi \u2013 read by Paul Berrocal.<\/li>\n<\/ul>\n<h2>\u00a0\u201cAirs de Paris\u201d: 5 years of publishing celebrated at the Pompidou Centre.<\/h2>\n<p>In May 2007,<em> EspaceTemps.net<\/em> was invited to celebrate its 5<sup>th<\/sup> anniversary at the Pompidou Centre (Paris), in connection with the \u201cAirs de Paris\u201d exhibition.<\/p>\n<p>The new frontiers of the urban, its inclinations and its political stakes were analysed, dissected and debated during two round tables, animated by Jacques L\u00e9vy, with renowned guest speakers:<\/p>\n<ul>\n<li><em>L\u2019urbain\u00a0: un monde sans fronti\u00e8res dont les limites sont au centre<\/em>, with Fran\u00e7ois Ascher (Institut fran\u00e7ais d\u2019urbanisme, Marne-la-Vall\u00e9e), Anne-Laure Amilhat-Szary (Universit\u00e9 Joseph-Fourier, Grenoble), Jean Rolin (writer) et Pierre Veltz (ENPC, Paris).<\/li>\n<li><em>L\u2019urbanit\u00e9\u00a0: une utopie raisonnable\u00a0?<\/em> with Marc Breviglieri (EHESS, Paris), Fran\u00e7oise Choay (philosopher), Michel Lussault (Universit\u00e9 Fran\u00e7ois-Rabelais, Tours)<\/li>\n<\/ul>\n<p>The projection of film sequences and the reading of Italo Calvino brought an artistic dimension to the evening.<\/p>\n","protected":false},"excerpt":{"rendered":"<p>The network of EspaceTemps.net meets up periodically, thanks to events that energise the exchanges, the projects and the encounters between disciplines. The annual meeting of the journal\u2019s network. The seminar is an opportunity for reflection and networking opportunities for EspaceTemps.net. The Editorial Board and the participants in the journal meet up during two days to [&hellip;]<\/p>\n","protected":false},"author":9,"featured_media":74,"parent":0,"menu_order":0,"comment_status":"closed","ping_status":"closed","template":"","meta":{"footnotes":""},"_links":{"self":[{"href":"https:\/\/test.espacestemps.net\/en\/wp-json\/wp\/v2\/pages\/172"}],"collection":[{"href":"https:\/\/test.espacestemps.net\/en\/wp-json\/wp\/v2\/pages"}],"about":[{"href":"https:\/\/test.espacestemps.net\/en\/wp-json\/wp\/v2\/types\/page"}],"author":[{"embeddable":true,"href":"https:\/\/test.espacestemps.net\/en\/wp-json\/wp\/v2\/users\/9"}],"replies":[{"embeddable":true,"href":"https:\/\/test.espacestemps.net\/en\/wp-json\/wp\/v2\/comments?post=172"}],"version-history":[{"count":0,"href":"https:\/\/test.espacestemps.net\/en\/wp-json\/wp\/v2\/pages\/172\/revisions"}],"wp:featuredmedia":[{"embeddable":true,"href":"https:\/\/test.espacestemps.net\/en\/wp-json\/wp\/v2\/media\/74"}],"wp:attachment":[{"href":"https:\/\/test.espacestemps.net\/en\/wp-json\/wp\/v2\/media?parent=172"}],"curies":[{"name":"wp","href":"https:\/\/api.w.org\/{rel}","templated":true}]}}