{"id":190,"date":"2012-02-29T12:44:18","date_gmt":"2012-02-29T11:44:18","guid":{"rendered":"http:\/\/test.espacestemps.net\/?page_id=190"},"modified":"2021-07-19T13:02:28","modified_gmt":"2021-07-19T11:02:28","slug":"reperages-pour-recension-2","status":"publish","type":"page","link":"https:\/\/test.espacestemps.net\/en\/reperages-pour-recension-2\/","title":{"rendered":"Selections for reviewing"},"content":{"rendered":"<p>Every other month, the Editorial Board of EspacesTemps.<em>net<\/em> publishes a list of books to be reviewed.<\/p>\n<p>If you are interested in submitting a critical review of one or several of the books listed below, do not hesitate to <a href=\"mailto:contact@espacestemps.net\">contact us<\/a>. Please include your postal address so as to obtain a copy through press services. The review you commit yourself to writing will be read by a member of the Editorial Board before publication.<\/p>\n<h3><strong>Current selection.<\/strong><\/h3>\n<ol>\n<li style=\"font-weight: 400;\" aria-level=\"1\"><span style=\"font-weight: 400;\">Philippe Arti\u00e8res. <\/span><i><span style=\"font-weight: 400;\">Le peuple du Larzac.<\/span><\/i><span style=\"font-weight: 400;\">\u00a0La D\u00e9couverte, 2021.<\/span><\/li>\n<li style=\"font-weight: 400;\" aria-level=\"1\"><span style=\"font-weight: 400;\">Jean-Christophe Bailly, Fran\u00e7ois Barr\u00e9, Vincent Barr\u00e9, Sylvain Dubuisson, Beno\u00eet Fougeirol et Jean-Paul Robert. <\/span><i><span style=\"font-weight: 400;\">Amilly (45200) : r\u00e9invention d\u2019un centre-bourg.<\/span><\/i><span style=\"font-weight: 400;\">\u00a0La D\u00e9couverte, 2021.<\/span><\/li>\n<li style=\"font-weight: 400;\" aria-level=\"1\"><span style=\"font-weight: 400;\">Jean-Philippe Bouchaud. <\/span><i><span style=\"font-weight: 400;\">De la physique statistique aux sciences sociales<\/span><\/i><span style=\"font-weight: 400;\">. \u00c9ditions Fayard, 2021.<\/span><\/li>\n<li style=\"font-weight: 400;\" aria-level=\"1\"><span style=\"font-weight: 400;\">Herv\u00e9 Br\u00e9dif. <\/span><i><span style=\"font-weight: 400;\">R\u00e9aliser la Terre : prise en charge du vivant et contrat territorial<\/span><\/i><span style=\"font-weight: 400;\">. \u00c9ditions de la Sorbonne, 2021.<\/span><\/li>\n<li style=\"font-weight: 400;\" aria-level=\"1\"><span style=\"font-weight: 400;\">Dipesh Chakrabarty. <\/span><i><span style=\"font-weight: 400;\">The Climate of History in a Planetary Age.<\/span><\/i><span style=\"font-weight: 400;\">\u00a0University of Chicago Press, 2021.<\/span><\/li>\n<li style=\"font-weight: 400;\" aria-level=\"1\"><span style=\"font-weight: 400;\">Patrick Cingolani. <\/span><i><span style=\"font-weight: 400;\">La colonisation du <\/span><\/i><span style=\"font-weight: 400;\">quotidien : d<\/span><i><span style=\"font-weight: 400;\">ans les laboratoires du capitalisme de plateforme<\/span><\/i><span style=\"font-weight: 400;\">.\u00a0 \u00c9ditions Amsterdam, 2021.<\/span><\/li>\n<li style=\"font-weight: 400;\" aria-level=\"1\"><span style=\"font-weight: 400;\">Vincent Cl\u00e9ment, Mathis Stock, Anne Volvey (dir.). <\/span><i><span style=\"font-weight: 400;\">Mouvements de g\u00e9ographie : une science sociale aux tournants<\/span><\/i><span style=\"font-weight: 400;\">. Presses Universitaires de Rennes, 2021.<\/span><\/li>\n<li style=\"font-weight: 400;\" aria-level=\"1\"><span style=\"font-weight: 400;\">Elena Cogato Lanza, Farzaneh Bahrami, Simon Berger et Luca Pattaroni (dir.) <\/span><i><span style=\"font-weight: 400;\">Post-car World : futurs de la ville-territoire<\/span><\/i><span style=\"font-weight: 400;\">. Metispresses, 2021<\/span><\/li>\n<li style=\"font-weight: 400;\" aria-level=\"1\"><span style=\"font-weight: 400;\">Isabelle Danic, Magali Hardouin, Re\u0301gis Keerle, Pascal Plantard et Olivier David (dir.). <\/span><i><span style=\"font-weight: 400;\">Adolescentes et adolescents des villes et des champs<\/span><\/i><span style=\"font-weight: 400;\">, Presses Universitaires de Rennes, 2021.<\/span><\/li>\n<li style=\"font-weight: 400;\" aria-level=\"1\"><span style=\"font-weight: 400;\">Quentin Deluermoz, <\/span><i><span style=\"font-weight: 400;\">Commune(s) 1870-1871 : une travers\u00e9e des mondes au XIXe si\u00e8cle<\/span><\/i><span style=\"font-weight: 400;\">. Paris. Seuil, 2020.<\/span><\/li>\n<li style=\"font-weight: 400;\" aria-level=\"1\"><span style=\"font-weight: 400;\">Vincent Descombes et Florence Giust-Desprairies (dir.). <\/span><i><span style=\"font-weight: 400;\">Imaginer l&#8217;autonomie : Castoriadis, actualit\u00e9 d&#8217;une pens\u00e9e radicale<\/span><\/i><span style=\"font-weight: 400;\">. Seuil, 2021.<\/span><\/li>\n<li style=\"font-weight: 400;\" aria-level=\"1\"><span style=\"font-weight: 400;\">\u200b\u200bVincent Dubois. <\/span><i><span style=\"font-weight: 400;\">Contr\u00f4ler les assist\u00e9s : gen\u00e8se et usage d\u2019un mot d\u2019ordre.<\/span><\/i><span style=\"font-weight: 400;\">\u00a0Raisons d\u2019agir, 2021.<\/span><\/li>\n<li style=\"font-weight: 400;\" aria-level=\"1\"><span style=\"font-weight: 400;\">Gilles Dufr\u00e9not et Anne Levasseur-Franceschi. <em>Crises \u00e9pid\u00e9miques et mondialisation : des liaisons dangereuses ?<\/em> Odile Jacob, 2021.<\/span><\/li>\n<li style=\"font-weight: 400;\" aria-level=\"1\"><span style=\"font-weight: 400;\">Emmanuelle Fantin, S\u00e9bastien Fevry et Katharina Niemeyer (dir.). <\/span><i><span style=\"font-weight: 400;\">Nostalgies contemporaines : m\u00e9dias, cultures et technologies<\/span><\/i><span style=\"font-weight: 400;\">. Presses Universitaires du Septentrion, 2021.<\/span><\/li>\n<li style=\"font-weight: 400;\" aria-level=\"1\"><span style=\"font-weight: 400;\">Jean-Marc Offner. <\/span><i><span style=\"font-weight: 400;\">Anachronismes Urbains. <\/span><\/i><span style=\"font-weight: 400;\">Presses de Sciences Po., 2020<\/span><\/li>\n<li style=\"font-weight: 400;\" aria-level=\"1\"><span style=\"font-weight: 400;\">Dario Rodighiero. <\/span><i><span style=\"font-weight: 400;\">Cartographie des affinit\u00e9s : d\u00e9mocratiser la visualisation des donn\u00e9es<\/span><\/i><span style=\"font-weight: 400;\">. M\u0113tisPresses, 2021.<\/span><\/li>\n<li style=\"font-weight: 400;\" aria-level=\"1\"><span style=\"font-weight: 400;\">Jean-Jacques Salgon. <\/span><i><span style=\"font-weight: 400;\">Des graffs dans la nuit : de la grotte Chauvet \u00e0 Judit Reigl<\/span><\/i><span style=\"font-weight: 400;\">. Arl\u00e9a. 2021.<\/span><\/li>\n<li style=\"font-weight: 400;\" aria-level=\"1\"><span style=\"font-weight: 400;\">William Sewell. <\/span><i><span style=\"font-weight: 400;\">Capitalism and the emergence of civic equality in 18th century France.<\/span><\/i><span style=\"font-weight: 400;\">\u00a0Chicago University Press, 2021.<\/span><\/li>\n<li aria-level=\"1\"><span style=\"font-weight: 400;\">Adrian Woolbridge. <\/span><i><span style=\"font-weight: 400;\">The Aristocracy of Talent. How Meritocracy made the Modern World.<\/span><\/i><span style=\"font-weight: 400;\">\u00a0Allen Lane, 2021.<\/span><\/li>\n<\/ol>\n<p><strong>Previous selections.<\/strong><\/p>\n<p>In this section, you will find the books that figured in our previous selections. If you are interested\u00a0in submitting a critical review of one or several of the books listed below, please\u00a0do not hesitate to\u00a0<a href=\"mailto:contact@espacestemps.net\">contact us<\/a>. Please include your postal address so as to obtain a copy through press services. The review you commit yourself to writing will be read by a member of the Editorial Board before publication.<\/p>\n<p><strong>March 2021<\/strong><\/p>\n<ol class=\"ol1\">\n<li>Bruno Latour<em>. O\u00f9 suis-je ? Le\u00e7ons du confinement \u00e0 l&#8217;usage des terrestres.<\/em> La D\u00e9couverte 2021.\u00a0<\/li>\n<li>Andrea Rea. <em>Sociologie de l&#8217;immigration. <\/em>La D\u00e9couverte, 2021.<\/li>\n<li>Julia Cag\u00e9 et Beno\u00eet Huet. <em>L&#8217;Information est un bien public.<\/em> Refonder la propri\u00e9t\u00e9 des m\u00e9dias. Seuil, 2021.<\/li>\n<li>Alain Touraine. <em>La Soci\u00e9t\u00e9 de communication et ses acteurs. <\/em>Seuil, 2021.<\/li>\n<li>Gw\u00e9na\u00eblle Mainsant. <em>Sur le trottoir, l&#8217;\u00c9tat.<\/em> <em>La police face \u00e0 la prostitution<\/em>. Seuil, 2021.<\/li>\n<li>Roselyne de Lestrange, Bernard Decl\u00e8ve, H\u00e9l\u00e8ne Gallezot et Panos Mantziaras<em>. Dessiner la Transition. Dispositifs pour une m\u00e9tropole \u00e9cologique<\/em>. Metispresse, 2020.<\/li>\n<li>Jacques L\u00e9vy<em>. L&#8217;Humanit\u00e9 : un commencement. Le tournant-\u00e9thique de la soci\u00e9t\u00e9-Monde<\/em>. Odile Jacob, 2021.<\/li>\n<li>Christine Bougeard-Delfosse, Vincent Boyer, Le\u00efla Damak, Pascale Ertus, Florence Gourlay, Claire Mah\u00e9o et Cl\u00e9ment Marinos (coord.) <em>Territoires fabriqu\u00e9s\/territoires instrumentalis\u00e9s. Entre consid\u00e9ration et n\u00e9gation de la complexit\u00e9 territoriale<\/em>. Presses Universitaires de Rennes, 2021.<\/li>\n<li>Delphine Lagrange, Marieke Louis et Olivier Nay (dir.). <em>Le tournant social de l\u2019international<\/em>. Les organisations internationales face aux soci\u00e9t\u00e9s civiles. Presses Universitaires de Rennes, 2021.<\/li>\n<li>Mathias Delori. <em>Ce que vaut une vie. Th\u00e9orie de la violence lib\u00e9rale<\/em>. \u00c9ditions Amsterdam, 2021.<\/li>\n<li>Benjamin B\u00fcrbaumer<em>. Le souverain et le march\u00e9. Th\u00e9ories contemporaines de l&#8217;imp\u00e9rialisme<\/em>. \u00c9ditions Amsterdam, 2020.<\/li>\n<li>Elie Cohen et Richard Robert. <em>La Valse Europ\u00e9enne. Les trois temps de la crise<\/em>. Fayard, 2021.<\/li>\n<li>Manola Antonioli, Guillaume Drevon, Luc Gwiazdzinski, Vincent Kaufmann et Luca Pattaroni. <em>Manifeste pour une Politique des Rythmes<\/em>. EPFL Press, 2020.<\/li>\n<li>Thomas Riffaud. <em>L&#8217;Espace Public Artisanal<\/em>. Elya Editions, 2021.\u00a0<\/li>\n<li>Laurent-S\u00e9bastien Fournier. <em>Anthropologie de la Modernit\u00e9. Entre globalisation et fragmentation<\/em>. Armand Colin, 2021.<\/li>\n<li>Marie-Pierre Gibert et Anne Monjaret. Anthropologie du travail. Armand Colin, 2021.<\/li>\n<li>Philippe Portier et Jean-Paul Willaime. <em>La religion dans la France contemporaine. Entre s\u00e9cularisation et recomposition<\/em>. Armand Colin, 2021.\u00a0<\/li>\n<li>Olivier Chadoin. <em>Sociologie de l\u2019architecture et des architectes<\/em>. \u00c9ditions Parenth\u00e8ses, 2021.<\/li>\n<li>Michel Freitag. <em>Formes de la soci\u00e9t\u00e9 &#8211; III. Totalitarismes<\/em>. \u00c9ditions Liber, 2020.<\/li>\n<li>Anouk Barberousse. <em>Quelle place pour les donn\u00e9es dans le raisonnement scientifique?<\/em>. Editions Vrin, 2021.<\/li>\n<li>H\u00e9l\u00e8ne Noizet et Anne-Sophie Cl\u00e9men\u00e7on. <em>Faire Ville : entre planifi\u00e9 et impens\u00e9, la fabrique ordinaire des formes urbaines<\/em>. Presses Universitaires de Vincennes, 2021.<\/li>\n<\/ol>\n<p dir=\"ltr\">\u00a0<\/p>\n","protected":false},"excerpt":{"rendered":"<p>Every other month, the Editorial Board of EspacesTemps.net publishes a list of books to be reviewed. If you are interested in submitting a critical review of one or several of the books listed below, do not hesitate to contact us. Please include your postal address so as to obtain a copy through press services. The [&hellip;]<\/p>\n","protected":false},"author":9,"featured_media":35372,"parent":0,"menu_order":0,"comment_status":"closed","ping_status":"closed","template":"","meta":{"footnotes":""},"_links":{"self":[{"href":"https:\/\/test.espacestemps.net\/en\/wp-json\/wp\/v2\/pages\/190"}],"collection":[{"href":"https:\/\/test.espacestemps.net\/en\/wp-json\/wp\/v2\/pages"}],"about":[{"href":"https:\/\/test.espacestemps.net\/en\/wp-json\/wp\/v2\/types\/page"}],"author":[{"embeddable":true,"href":"https:\/\/test.espacestemps.net\/en\/wp-json\/wp\/v2\/users\/9"}],"replies":[{"embeddable":true,"href":"https:\/\/test.espacestemps.net\/en\/wp-json\/wp\/v2\/comments?post=190"}],"version-history":[{"count":0,"href":"https:\/\/test.espacestemps.net\/en\/wp-json\/wp\/v2\/pages\/190\/revisions"}],"wp:featuredmedia":[{"embeddable":true,"href":"https:\/\/test.espacestemps.net\/en\/wp-json\/wp\/v2\/media\/35372"}],"wp:attachment":[{"href":"https:\/\/test.espacestemps.net\/en\/wp-json\/wp\/v2\/media?parent=190"}],"curies":[{"name":"wp","href":"https:\/\/api.w.org\/{rel}","templated":true}]}}