{"id":34500,"date":"2012-02-29T12:18:50","date_gmt":"2012-02-29T11:18:50","guid":{"rendered":"http:\/\/www.espacestemps.net\/lequipe-3\/"},"modified":"2022-12-08T11:22:14","modified_gmt":"2022-12-08T09:22:14","slug":"team","status":"publish","type":"page","link":"https:\/\/test.espacestemps.net\/en\/team\/","title":{"rendered":"Team"},"content":{"rendered":"<p><strong><strong title=\"Marc Dumont\">Editorial Board.<\/strong><\/strong><\/p>\n<ul>\n<li><a href=\"https:\/\/www.espacestemps.net\/en\/writing\/\">Michel Carrard<\/a> (Urbanisme, Am\u00e9nagement).<\/li>\n<li>Ga\u00ebl Chareyron (Informatique).<\/li>\n<li><a href=\"https:\/\/www.espacestemps.net\/en\/writing\/\">Guillaume Drevon<\/a> (Sociologie, G\u00e9ographie).<\/li>\n<li><a title=\"Saskia Cousin\" href=\"http:\/\/www.espacestemps.net\/\/la-redaction-despacestemps-net\/#saskiacousin\">Marc Dumont<\/a> (G\u00e9ographie, Am\u00e9nagement).<\/li>\n<li>Jean-Nicolas Fauchille (Am\u00e9nagement de l&#8217;espace).<\/li>\n<li>Christian Grataloup (G\u00e9o-histoire).<\/li>\n<li><a href=\"https:\/\/www.espacestemps.net\/en\/writing\/\">Vincent Kaufmann<\/a> (Sociologie&nbsp;urbaine).<\/li>\n<li><a title=\"Elieth Eyebiyi\" href=\"http:\/\/www.espacestemps.net\/\/la-redaction-despacestemps-net\/#elietheyebiyi\">Jacques L\u00e9vy<\/a> (G\u00e9ographie, Am\u00e9nagement de l\u2019espace).<\/li>\n<li><a title=\"Jean-Paul Mar\u00e9chal\" href=\"http:\/\/www.espacestemps.net\/\/la-redaction-despacestemps-net\/#JeanPaulMarechal\">Igor Moullier<\/a> (Histoire moderne), r\u00e9dacteur en chef.<\/li>\n<li><a title=\"Khalid Mouna\" href=\"http:\/\/www.espacestemps.net\/\/la-redaction-despacestemps-net\/#khalidmouna\">Khalid Mouna<\/a> (Anthropologie).<\/li>\n<li><a title=\"Patrick Poncet\" href=\"http:\/\/www.espacestemps.net\/\/la-redaction-despacestemps-net\/#patrickponcet\">Patrick Poncet<\/a> (G\u00e9ographie, intelligence spatiale).<\/li>\n<\/ul>\n<p><strong>Scientific Advisory Board.<\/strong><\/p>\n<ul>\n<li>Enka Blanchard (Humanit\u00e9s num\u00e9riques).<\/li>\n<li>Sandro Cattacin (Sociologie).<\/li>\n<li>Fiorenza Gamba (Sociologie).<\/li>\n<li>Olivier Lazzarotti (G\u00e9ographie).<\/li>\n<li>Philippe Rozin (Th\u00e9orie de l\u2019information, Epist\u00e9mologie).<\/li>\n<li>Ir\u00e8ne Sartoretti (Architecture, Sociologie).<\/li>\n<li>Olivier Vila\u00e7a (G\u00e9ographie).<\/li>\n<li>H\u00e9l\u00e8ne Noizet (Histoire m\u00e9di\u00e9vale).<\/li>\n<\/ul>\n<p><strong>Editorial Office.<\/strong><\/p>\n<ul>\n<li><a href=\"http:\/\/www.espacestemps.net\/la-redaction-despacestemps-net\/\">Elsa Chavinier<\/a> (Responsable \u00e9ditoriale).<\/li>\n<li><a href=\"https:\/\/www.espacestemps.net\/en\/writing\/\">Fiona Del Puppo<\/a>&nbsp;(Assistante \u00e9ditoriale).<\/li>\n<li>Dephine Groux (Assistante \u00e9ditoriale).<\/li>\n<\/ul>\n<div>&nbsp;<\/div>\n<div><strong>\u201cActors\u201d.<\/strong><\/div>\n<p dir=\"ltr\" lang=\"fr-FR\">The &#8220;Actors&#8221; are a group of external experts designated by the Editorial Board to evaluate articles. They also contribute punctually or regularly to the journal with articles and participate to the annual meeting organised by the journal.<\/p>\n<ul>\n<li>Marl\u00e8ne Albert (Anthropologie).<\/li>\n<li>Fran\u00e7ois Audigier (Histoire).<\/li>\n<li>Claude Auroi (Sciences Politiques).<\/li>\n<li>Dominique Bachelart (Sciences de l\u2019\u00e9ducation).<\/li>\n<li>Jean-Marie Baldner (Photographie).<\/li>\n<li>Vincent Barras (Histoire de la m\u00e9decine).<\/li>\n<li>Mounia Bennani-Chra\u00efbi (\u00c9tudes politiques).<\/li>\n<li>Mathieu Berger (Sociologie&nbsp;urbaine)<\/li>\n<li>Augustin Berque (G\u00e9ographie, Orientalisme).<\/li>\n<li>G\u00e9rard Billard (Urbanisme, Politiques urbaines).<\/li>\n<li>Marianne Blanchard (Sociologie).<\/li>\n<li>Yannick Bosc (Histoire).<\/li>\n<li>Simon Br\u00e9an (Lettres).<\/li>\n<li>Marc Breviglieri (Sociologie).<\/li>\n<li>Laurent Cailly (G\u00e9ographie, Mobilit\u00e9).<\/li>\n<li>Eduardo Camacho-H\u00fcbner (Urbanisme).<\/li>\n<li>Eric Charmes (Sociologie, Urbanisme et am\u00e9nagement).<\/li>\n<li>J\u00e9r\u00f4me Chenal (Architecture, Urbanisme).<\/li>\n<li>Anne-Sophie Cl\u00e9men\u00e7on (Histoire, Urbanisme).<\/li>\n<li>Aur\u00e9lie Condevaux (Tourisme, Anthropologie).<\/li>\n<li>Saskia Cousin (Anthropologie).<\/li>\n<li>\u00c9milie Da Lage (Sciences de la communication).<\/li>\n<li>Cristina D\u2019Alessandro-Scarpari (G\u00e9ographie humaine).<\/li>\n<li>Isabelle Danic (Sociologie).<\/li>\n<li>B\u00e9atrice David (Anthropologie).<\/li>\n<li>Andrea Del Lungo (Litt\u00e9rature fran\u00e7aise).<\/li>\n<li>Patricia Desroches (Philosophie, psychanalyse).<\/li>\n<li>Laurent Devisme (Urbanisme, Sociologie urbaine).<\/li>\n<li>Clarisse Didelon-Loiseau (G\u00e9ographie, R\u00e9gionalisation).<\/li>\n<li>Elisabeth Dorier-Apprill (G\u00e9ographie).<\/li>\n<li>Olivier Dubos (Droit public).<\/li>\n<li>C\u00e9dric Duchene-Lacroix (G\u00e9ographie,&nbsp;Mobilit\u00e9).<\/li>\n<li>Olivier Evrard (Anthropologie).<\/li>\n<li>Elieth Eyebiyi (Sociologie, Anthropologie).<\/li>\n<li>Daniel Gabay (Math\u00e9matique sociale).<\/li>\n<li>Caroline Gallez (Sciences \u00e9conomiques appliqu\u00e9es).<\/li>\n<li>Florence Graezer Bideau (Anthropologie).<\/li>\n<li>Christophe Guibert (Sociologie des sports).<\/li>\n<li>Luc Gwiazdzinski (G\u00e9ographie).<\/li>\n<li>Florence Haegel (Sciences politiques).<\/li>\n<li>Camille Hamidi (Sciences politiques).<\/li>\n<li>Marc Jeannerod (Sciences cognitives).<\/li>\n<li>Dominique Joye (Sciences politiques, Sociologie).<\/li>\n<li>Barak Kalir (Anthropologie).<\/li>\n<li>Sandra Laugier (Philosophie).<\/li>\n<li>Barbara Laurent-Lucchetti (\u00c9tudes urbaines).<\/li>\n<li>Jo\u00eblle Le Marec (Science de la communication).<\/li>\n<li>Fanny Letisser (G\u00e9ographie).<\/li>\n<li>Michel Lussault (G\u00e9ographie).<\/li>\n<li>Marielle Mac\u00e9 (Litt\u00e9rature fran\u00e7aise moderne).<\/li>\n<li>Fran\u00e7ois Madore (G\u00e9ographie, S\u00e9gr\u00e9gation sociale).<\/li>\n<li>Jean-Paul Mar\u00e9chal (\u00c9conomie).<\/li>\n<li>Antonin Margier (\u00c9tudes urbaines).<\/li>\n<li>V\u00e9ronique Mauron (Histoire de l\u2019art).<\/li>\n<li>Lorenza Mondada (Linguistique).<\/li>\n<li>Joseph Morsel (Histoire).<\/li>\n<li>Val\u00e9rie November (G\u00e9ographie, Sociologie des sciences et techniques).<\/li>\n<li>P\u00e1l Ny\u00edri (Anthropologie).<\/li>\n<li>Johan Oszwald (G\u00e9ographie).<\/li>\n<li>Francesco Panese (Sociologie).<\/li>\n<li>Luca Pattaroni (Sociologie).<\/li>\n<li>Yves&nbsp;Pedrazzini (Sociologie,&nbsp;Anthropologie).<\/li>\n<li>V\u00e9ronique Peyrache-Gadeau (Socio-\u00e9conomie).<\/li>\n<li>Emmanuelle Peyvel (G\u00e9ographie, Tourisme).<\/li>\n<li>G\u00e9raldine Pflieger (Urbanisme, Politiques urbaines et de l\u2019environnement).<\/li>\n<li>Alfonso Pinto (G\u00e9ographie).<\/li>\n<li>Didier Plat (Am\u00e9nagement, Mobilit\u00e9).<\/li>\n<li>Anne Querrien (Sociologie, Urbanisme).<\/li>\n<li>Florinel Radu (Architecture).<\/li>\n<li>Fran\u00e7ois Rastier (Linguistique, S\u00e9mantique).<\/li>\n<li>Bertrand R\u00e9au (Sociologie).<\/li>\n<li>Herv\u00e9 Regnauld (G\u00e9ographie).<\/li>\n<li>Xuefei Ren (Sociologie).<\/li>\n<li>Emmanuelle Renaud-H\u00e9llier (G\u00e9ographie).<\/li>\n<li>Blandine Ripert (Ethnologie, G\u00e9ographie).<\/li>\n<li>Jean Rochat (Histoire \u00e9conomique).<\/li>\n<li>Julien Rosemberg (Patrimoine, culture et politiques culturelles).<\/li>\n<li>Olivier Roy-Baillargeon (Urbanisme, Mobilit\u00e9).<\/li>\n<li>Christian Ruby (Philosophie).<\/li>\n<li>Fran\u00e7oise Sabban (Anthropologie historique).<\/li>\n<li>Sabine Saurugger (Sciences politiques).<\/li>\n<li>Richard Shearmur (Urbanisme, Socio-\u00e9conomie).<\/li>\n<li>Fran\u00e7ois Sicot (Sociologie).<\/li>\n<li>Alvir Spomenka (Science du langage).<\/li>\n<li>Jean-Fran\u00e7ois Staszak (G\u00e9ographie).<\/li>\n<li>Magali Talandier (G\u00e9ographie \u00e9conomique).<\/li>\n<li>S\u00e9bastien Tank (Anthropologie, Sociologie).<\/li>\n<li>Jean-Michel Tobelem (Gestion et \u00e9conomie de la culture).<\/li>\n<li>Arnaud Valence (Philosophie).<\/li>\n<li>Fran\u00e7oise Verg\u00e8s (Sciences politiques).<\/li>\n<li>Vincent Veschambre (G\u00e9ographie).<\/li>\n<li>Laurent Vidal (Antropologie).&nbsp;<\/li>\n<li>Dominic Villeneuve (Mobilit\u00e9. Sociologie urbaine).<\/li>\n<li>Nathalie Vincent-Arnaud (Linguistique, Stylistique, Art).<\/li>\n<li>Tommaso Vitale (Sociologie urbaine).<\/li>\n<li>Anne Volvey (G\u00e9ographie).<\/li>\n<li>Yves Winkin (Sociologie).<\/li>\n<li>Dvora Yanow (Sciences politiques).<\/li>\n<\/ul>\n<p>Interested people are invited to <a href=\"http:\/\/www.espacestemps.net\/document629.html\">contact the redaction<\/a>.<\/p>\n","protected":false},"excerpt":{"rendered":"<p>Editorial Board. Michel Carrard (Urbanisme, Am\u00e9nagement). Ga\u00ebl Chareyron (Informatique). Guillaume Drevon (Sociologie, G\u00e9ographie). Marc Dumont (G\u00e9ographie, Am\u00e9nagement). Jean-Nicolas Fauchille (Am\u00e9nagement de l&#8217;espace). Christian Grataloup (G\u00e9o-histoire). Vincent Kaufmann (Sociologie&nbsp;urbaine). Jacques L\u00e9vy (G\u00e9ographie, Am\u00e9nagement de l\u2019espace). Igor Moullier (Histoire moderne), r\u00e9dacteur en chef. Khalid Mouna (Anthropologie). Patrick Poncet (G\u00e9ographie, intelligence spatiale). Scientific Advisory Board. Enka Blanchard (Humanit\u00e9s [&hellip;]<\/p>\n","protected":false},"author":9,"featured_media":35367,"parent":0,"menu_order":0,"comment_status":"closed","ping_status":"closed","template":"","meta":{"footnotes":""},"_links":{"self":[{"href":"https:\/\/test.espacestemps.net\/en\/wp-json\/wp\/v2\/pages\/34500"}],"collection":[{"href":"https:\/\/test.espacestemps.net\/en\/wp-json\/wp\/v2\/pages"}],"about":[{"href":"https:\/\/test.espacestemps.net\/en\/wp-json\/wp\/v2\/types\/page"}],"author":[{"embeddable":true,"href":"https:\/\/test.espacestemps.net\/en\/wp-json\/wp\/v2\/users\/9"}],"replies":[{"embeddable":true,"href":"https:\/\/test.espacestemps.net\/en\/wp-json\/wp\/v2\/comments?post=34500"}],"version-history":[{"count":1,"href":"https:\/\/test.espacestemps.net\/en\/wp-json\/wp\/v2\/pages\/34500\/revisions"}],"predecessor-version":[{"id":54021,"href":"https:\/\/test.espacestemps.net\/en\/wp-json\/wp\/v2\/pages\/34500\/revisions\/54021"}],"wp:featuredmedia":[{"embeddable":true,"href":"https:\/\/test.espacestemps.net\/en\/wp-json\/wp\/v2\/media\/35367"}],"wp:attachment":[{"href":"https:\/\/test.espacestemps.net\/en\/wp-json\/wp\/v2\/media?parent=34500"}],"curies":[{"name":"wp","href":"https:\/\/api.w.org\/{rel}","templated":true}]}}